{"id":458,"date":"2021-07-19T00:46:37","date_gmt":"2021-07-18T22:46:37","guid":{"rendered":"https:\/\/schneemuehle.de\/?page_id=458"},"modified":"2022-10-14T12:47:02","modified_gmt":"2022-10-14T10:47:02","slug":"elementor-458","status":"publish","type":"page","link":"https:\/\/schneemuehle.de\/?page_id=458","title":{"rendered":"Der MAK"},"content":{"rendered":"\t\t<div data-elementor-type=\"wp-page\" data-elementor-id=\"458\" class=\"elementor elementor-458\">\n\t\t\t\t\t\t<section class=\"elementor-section elementor-top-section elementor-element elementor-element-118ebf0 elementor-section-boxed elementor-section-height-default elementor-section-height-default\" data-id=\"118ebf0\" data-element_type=\"section\">\n\t\t\t\t\t\t<div class=\"elementor-container elementor-column-gap-default\">\n\t\t\t\t\t<div class=\"elementor-column elementor-col-16 elementor-top-column elementor-element elementor-element-cbdce23\" data-id=\"cbdce23\" data-element_type=\"column\">\n\t\t\t<div class=\"elementor-widget-wrap\">\n\t\t\t\t\t\t\t<\/div>\n\t\t<\/div>\n\t\t\t\t<div class=\"elementor-column elementor-col-66 elementor-top-column elementor-element elementor-element-99f73b2\" data-id=\"99f73b2\" data-element_type=\"column\">\n\t\t\t<div class=\"elementor-widget-wrap elementor-element-populated\">\n\t\t\t\t\t\t<div class=\"elementor-element elementor-element-e73e869 elementor-widget elementor-widget-heading\" data-id=\"e73e869\" data-element_type=\"widget\" data-widget_type=\"heading.default\">\n\t\t\t\t<div class=\"elementor-widget-container\">\n\t\t\t\t\t<h2 class=\"elementor-heading-title elementor-size-default\">Wer sind wir?<\/h2>\t\t\t\t<\/div>\n\t\t\t\t<\/div>\n\t\t\t\t\t<\/div>\n\t\t<\/div>\n\t\t\t\t<div class=\"elementor-column elementor-col-16 elementor-top-column elementor-element elementor-element-a388369\" data-id=\"a388369\" data-element_type=\"column\">\n\t\t\t<div class=\"elementor-widget-wrap\">\n\t\t\t\t\t\t\t<\/div>\n\t\t<\/div>\n\t\t\t\t\t<\/div>\n\t\t<\/section>\n\t\t\t\t<section class=\"elementor-section elementor-top-section elementor-element elementor-element-d8debd2 elementor-section-boxed elementor-section-height-default elementor-section-height-default\" data-id=\"d8debd2\" data-element_type=\"section\">\n\t\t\t\t\t\t<div class=\"elementor-container elementor-column-gap-default\">\n\t\t\t\t\t<div class=\"elementor-column elementor-col-66 elementor-top-column elementor-element elementor-element-a444193\" data-id=\"a444193\" data-element_type=\"column\">\n\t\t\t<div class=\"elementor-widget-wrap elementor-element-populated\">\n\t\t\t\t\t\t<div class=\"elementor-element elementor-element-dfe759c elementor-widget elementor-widget-text-editor\" data-id=\"dfe759c\" data-element_type=\"widget\" data-widget_type=\"text-editor.default\">\n\t\t\t\t<div class=\"elementor-widget-container\">\n\t\t\t\t\t\t\t\t\t<p>Der Mitarbeiterkreis ist im Grunde genommen eine Gruppe von Jugendlichen, die Veranstaltungen f\u00fcr Kinder und Jugendliche in der Schneem\u00fchle planen und veranstalten, sowie das Jugendhaus fit halten.<\/p><p>Allerdings ist f\u00fcr uns selbst der MAK ein bisschen mehr&#8230;<\/p><p>&#8230;er ist verr\u00fcckt, einzigartig und eine Anzahl an Menschen, die f\u00fcr jeden Spa\u00df zu haben sind.<\/p><p>&#8230;ein &#8222;R\u00fcckzugsort&#8220; aus dem Alltag, einfach Leute bei denen man runterkommen kann und ich &#8222;Ich&#8220; sein kann.<\/p><p>&#8230;ein zusammengew\u00fcrftelter Haufen von verr\u00fcckten Menschen, die das gleiche Ziel verfolgen: Den Geist der M\u00fchle aufrechtzuerhalten.<\/p><p>Der MAK hat sich \u00fcber die Jahre und Generationen sehr gewandelt, aber das Jugendhaus ist geblieben. Wir haben gemeinsam mit dem Kloster Plankstetten das Haus aufgebaut und zu dem gemacht, was es heute ist &#8211; die M\u00fchle.<\/p>\t\t\t\t\t\t\t\t<\/div>\n\t\t\t\t<\/div>\n\t\t\t\t\t<\/div>\n\t\t<\/div>\n\t\t\t\t<div class=\"elementor-column elementor-col-33 elementor-top-column elementor-element elementor-element-fc533b6\" data-id=\"fc533b6\" data-element_type=\"column\">\n\t\t\t<div class=\"elementor-widget-wrap elementor-element-populated\">\n\t\t\t\t\t\t<div class=\"elementor-element elementor-element-359011a elementor-widget elementor-widget-image\" data-id=\"359011a\" data-element_type=\"widget\" data-widget_type=\"image.default\">\n\t\t\t\t<div class=\"elementor-widget-container\">\n\t\t\t\t\t\t\t\t\t\t\t\t\t\t\t<img fetchpriority=\"high\" decoding=\"async\" width=\"768\" height=\"1024\" src=\"https:\/\/schneemuehle.de\/schneemuehle\/wp-content\/uploads\/b1536561-d50a-42e2-b768-0863b8ea48a5-768x1024.jpg\" class=\"attachment-large size-large wp-image-608\" alt=\"\" srcset=\"https:\/\/schneemuehle.de\/schneemuehle\/wp-content\/uploads\/b1536561-d50a-42e2-b768-0863b8ea48a5-768x1024.jpg 768w, https:\/\/schneemuehle.de\/schneemuehle\/wp-content\/uploads\/b1536561-d50a-42e2-b768-0863b8ea48a5-225x300.jpg 225w, https:\/\/schneemuehle.de\/schneemuehle\/wp-content\/uploads\/b1536561-d50a-42e2-b768-0863b8ea48a5-1152x1536.jpg 1152w, https:\/\/schneemuehle.de\/schneemuehle\/wp-content\/uploads\/b1536561-d50a-42e2-b768-0863b8ea48a5.jpg 1536w\" sizes=\"(max-width: 768px) 100vw, 768px\" \/>\t\t\t\t\t\t\t\t\t\t\t\t\t\t\t<\/div>\n\t\t\t\t<\/div>\n\t\t\t\t\t<\/div>\n\t\t<\/div>\n\t\t\t\t\t<\/div>\n\t\t<\/section>\n\t\t\t\t<\/div>\n\t\t","protected":false},"excerpt":{"rendered":"<p>Wer sind wir? Der Mitarbeiterkreis ist im Grunde genommen eine Gruppe von Jugendlichen, die Veranstaltungen f\u00fcr Kinder und Jugendliche in der Schneem\u00fchle planen und veranstalten, sowie das Jugendhaus fit halten. Allerdings ist f\u00fcr uns selbst der MAK ein bisschen mehr&#8230; &#8230;er ist verr\u00fcckt, einzigartig und eine Anzahl an Menschen, die f\u00fcr jeden Spa\u00df zu haben [&hellip;]<\/p>\n","protected":false},"author":1,"featured_media":0,"parent":0,"menu_order":0,"comment_status":"closed","ping_status":"closed","template":"","meta":{"site-sidebar-layout":"no-sidebar","site-content-layout":"page-builder","ast-site-content-layout":"default","site-content-style":"default","site-sidebar-style":"default","ast-global-header-display":"","ast-banner-title-visibility":"","ast-main-header-display":"","ast-hfb-above-header-display":"","ast-hfb-below-header-display":"","ast-hfb-mobile-header-display":"","site-post-title":"disabled","ast-breadcrumbs-content":"","ast-featured-img":"disabled","footer-sml-layout":"","ast-disable-related-posts":"","theme-transparent-header-meta":"default","adv-header-id-meta":"","stick-header-meta":"","header-above-stick-meta":"","header-main-stick-meta":"","header-below-stick-meta":"","astra-migrate-meta-layouts":"default","ast-page-background-enabled":"default","ast-page-background-meta":{"desktop":{"background-color":"","background-image":"","background-repeat":"repeat","background-position":"center center","background-size":"auto","background-attachment":"scroll","background-type":"","background-media":"","overlay-type":"","overlay-color":"","overlay-opacity":"","overlay-gradient":""},"tablet":{"background-color":"","background-image":"","background-repeat":"repeat","background-position":"center center","background-size":"auto","background-attachment":"scroll","background-type":"","background-media":"","overlay-type":"","overlay-color":"","overlay-opacity":"","overlay-gradient":""},"mobile":{"background-color":"","background-image":"","background-repeat":"repeat","background-position":"center center","background-size":"auto","background-attachment":"scroll","background-type":"","background-media":"","overlay-type":"","overlay-color":"","overlay-opacity":"","overlay-gradient":""}},"ast-content-background-meta":{"desktop":{"background-color":"var(--ast-global-color-5)","background-image":"","background-repeat":"repeat","background-position":"center center","background-size":"auto","background-attachment":"scroll","background-type":"","background-media":"","overlay-type":"","overlay-color":"","overlay-opacity":"","overlay-gradient":""},"tablet":{"background-color":"var(--ast-global-color-5)","background-image":"","background-repeat":"repeat","background-position":"center center","background-size":"auto","background-attachment":"scroll","background-type":"","background-media":"","overlay-type":"","overlay-color":"","overlay-opacity":"","overlay-gradient":""},"mobile":{"background-color":"var(--ast-global-color-5)","background-image":"","background-repeat":"repeat","background-position":"center center","background-size":"auto","background-attachment":"scroll","background-type":"","background-media":"","overlay-type":"","overlay-color":"","overlay-opacity":"","overlay-gradient":""}},"footnotes":""},"_links":{"self":[{"href":"https:\/\/schneemuehle.de\/index.php?rest_route=\/wp\/v2\/pages\/458"}],"collection":[{"href":"https:\/\/schneemuehle.de\/index.php?rest_route=\/wp\/v2\/pages"}],"about":[{"href":"https:\/\/schneemuehle.de\/index.php?rest_route=\/wp\/v2\/types\/page"}],"author":[{"embeddable":true,"href":"https:\/\/schneemuehle.de\/index.php?rest_route=\/wp\/v2\/users\/1"}],"replies":[{"embeddable":true,"href":"https:\/\/schneemuehle.de\/index.php?rest_route=%2Fwp%2Fv2%2Fcomments&post=458"}],"version-history":[{"count":14,"href":"https:\/\/schneemuehle.de\/index.php?rest_route=\/wp\/v2\/pages\/458\/revisions"}],"predecessor-version":[{"id":621,"href":"https:\/\/schneemuehle.de\/index.php?rest_route=\/wp\/v2\/pages\/458\/revisions\/621"}],"wp:attachment":[{"href":"https:\/\/schneemuehle.de\/index.php?rest_route=%2Fwp%2Fv2%2Fmedia&parent=458"}],"curies":[{"name":"wp","href":"https:\/\/api.w.org\/{rel}","templated":true}]}}