{"id":390,"date":"2020-11-22T22:22:44","date_gmt":"2020-11-22T21:22:44","guid":{"rendered":"https:\/\/schneemuehle.de\/?page_id=390"},"modified":"2024-10-23T20:49:35","modified_gmt":"2024-10-23T18:49:35","slug":"unsere-schirmherrin","status":"publish","type":"page","link":"https:\/\/schneemuehle.de\/?page_id=390","title":{"rendered":"Unsere Schirmherrin"},"content":{"rendered":"\t\t<div data-elementor-type=\"wp-page\" data-elementor-id=\"390\" class=\"elementor elementor-390\">\n\t\t\t\t\t\t<section class=\"elementor-section elementor-top-section elementor-element elementor-element-7cced4b elementor-section-boxed elementor-section-height-default elementor-section-height-default\" data-id=\"7cced4b\" data-element_type=\"section\">\n\t\t\t\t\t\t<div class=\"elementor-container elementor-column-gap-default\">\n\t\t\t\t\t<div class=\"elementor-column elementor-col-100 elementor-top-column elementor-element elementor-element-15f4dab\" data-id=\"15f4dab\" data-element_type=\"column\">\n\t\t\t<div class=\"elementor-widget-wrap elementor-element-populated\">\n\t\t\t\t\t\t<div class=\"elementor-element elementor-element-3ce2234 elementor-widget elementor-widget-spacer\" data-id=\"3ce2234\" data-element_type=\"widget\" data-widget_type=\"spacer.default\">\n\t\t\t\t<div class=\"elementor-widget-container\">\n\t\t\t\t\t\t\t<div class=\"elementor-spacer\">\n\t\t\t<div class=\"elementor-spacer-inner\"><\/div>\n\t\t<\/div>\n\t\t\t\t\t\t<\/div>\n\t\t\t\t<\/div>\n\t\t\t\t\t<\/div>\n\t\t<\/div>\n\t\t\t\t\t<\/div>\n\t\t<\/section>\n\t\t\t\t<section class=\"elementor-section elementor-top-section elementor-element elementor-element-ebea12b elementor-section-boxed elementor-section-height-default elementor-section-height-default\" data-id=\"ebea12b\" data-element_type=\"section\">\n\t\t\t\t\t\t<div class=\"elementor-container elementor-column-gap-default\">\n\t\t\t\t\t<div class=\"elementor-column elementor-col-100 elementor-top-column elementor-element elementor-element-fa7712d\" data-id=\"fa7712d\" data-element_type=\"column\">\n\t\t\t<div class=\"elementor-widget-wrap elementor-element-populated\">\n\t\t\t\t\t\t<div class=\"elementor-element elementor-element-99dd3b1 elementor-widget elementor-widget-heading\" data-id=\"99dd3b1\" data-element_type=\"widget\" data-widget_type=\"heading.default\">\n\t\t\t\t<div class=\"elementor-widget-container\">\n\t\t\t\t\t<h2 class=\"elementor-heading-title elementor-size-default\">Unsere Schirmherrin Lizzy Aumeier<\/h2>\t\t\t\t<\/div>\n\t\t\t\t<\/div>\n\t\t\t\t\t<\/div>\n\t\t<\/div>\n\t\t\t\t\t<\/div>\n\t\t<\/section>\n\t\t\t\t<section class=\"elementor-section elementor-top-section elementor-element elementor-element-f44bcbb elementor-section-boxed elementor-section-height-default elementor-section-height-default\" data-id=\"f44bcbb\" data-element_type=\"section\">\n\t\t\t\t\t\t<div class=\"elementor-container elementor-column-gap-default\">\n\t\t\t\t\t<div class=\"elementor-column elementor-col-100 elementor-top-column elementor-element elementor-element-ecb4f5b\" data-id=\"ecb4f5b\" data-element_type=\"column\">\n\t\t\t<div class=\"elementor-widget-wrap elementor-element-populated\">\n\t\t\t\t\t\t<div class=\"elementor-element elementor-element-101ee11 elementor-widget elementor-widget-text-editor\" data-id=\"101ee11\" data-element_type=\"widget\" data-widget_type=\"text-editor.default\">\n\t\t\t\t<div class=\"elementor-widget-container\">\n\t\t\t\t\t\t\t\t\t<p style=\"text-align: center;\">Nachruf<\/p><p style=\"text-align: center;\">Wir trauern um Lizzy Aumeier, die am 10.10.2024 im Alter von 60 Jahren verstarb.<\/p><p style=\"text-align: center;\">Mit gro\u00dfem Bedauern haben wir den Tod unserer Schirmherrin vernommen. Mit einem Open-Air-Auftritt im M\u00fchlengarten begann unser gemeinsamer Weg. Damals war Gregor Maria Hanke noch Abt in der Benediktinerabtei Plankstetten. Durch mehrere Benefizauftritte im Jugendhaus und Lizzys Unterst\u00fctzungen wurde uns erm\u00f6glicht, zahlreiche kreative Projekte f\u00fcr Jugendliche zu realisieren.<\/p><p style=\"text-align: center;\">Daf\u00fcr sind wir zu gr\u00f6\u00dftem Dank verpflichtet und werden ihr stets ein ehrendes Gedenken bewahren!<\/p><p style=\"text-align: center;\">Jugendhaus Schneem\u00fchle und Schneem\u00fchle e. V.<\/p>\t\t\t\t\t\t\t\t<\/div>\n\t\t\t\t<\/div>\n\t\t\t\t\t<\/div>\n\t\t<\/div>\n\t\t\t\t\t<\/div>\n\t\t<\/section>\n\t\t\t\t<section class=\"elementor-section elementor-top-section elementor-element elementor-element-d0259a3 elementor-section-boxed elementor-section-height-default elementor-section-height-default\" data-id=\"d0259a3\" data-element_type=\"section\">\n\t\t\t\t\t\t<div class=\"elementor-container elementor-column-gap-default\">\n\t\t\t\t\t<div class=\"elementor-column elementor-col-100 elementor-top-column elementor-element elementor-element-16d8982\" data-id=\"16d8982\" data-element_type=\"column\">\n\t\t\t<div class=\"elementor-widget-wrap elementor-element-populated\">\n\t\t\t\t\t\t<div class=\"elementor-element elementor-element-375fd4a elementor-widget elementor-widget-spacer\" data-id=\"375fd4a\" data-element_type=\"widget\" data-widget_type=\"spacer.default\">\n\t\t\t\t<div class=\"elementor-widget-container\">\n\t\t\t\t\t\t\t<div class=\"elementor-spacer\">\n\t\t\t<div class=\"elementor-spacer-inner\"><\/div>\n\t\t<\/div>\n\t\t\t\t\t\t<\/div>\n\t\t\t\t<\/div>\n\t\t\t\t\t<\/div>\n\t\t<\/div>\n\t\t\t\t\t<\/div>\n\t\t<\/section>\n\t\t\t\t<section class=\"elementor-section elementor-top-section elementor-element elementor-element-9c09c60 elementor-section-boxed elementor-section-height-default elementor-section-height-default\" data-id=\"9c09c60\" data-element_type=\"section\">\n\t\t\t\t\t\t<div class=\"elementor-container elementor-column-gap-default\">\n\t\t\t\t\t<div class=\"elementor-column elementor-col-66 elementor-top-column elementor-element elementor-element-f625719\" data-id=\"f625719\" data-element_type=\"column\">\n\t\t\t<div class=\"elementor-widget-wrap elementor-element-populated\">\n\t\t\t\t\t\t<div class=\"elementor-element elementor-element-b2c2d27 elementor-widget elementor-widget-text-editor\" data-id=\"b2c2d27\" data-element_type=\"widget\" data-widget_type=\"text-editor.default\">\n\t\t\t\t<div class=\"elementor-widget-container\">\n\t\t\t\t\t\t\t\t\t<p><span style=\"font-size: 18px;\">Wie kam die M\u00fchle zur Schirmfrau? Blicken wir zur\u00fcck, h\u00f6ren wir hin:<\/span><\/p><p>Eine Schirmherrin, oder hei\u00dft es eine Schirmfrau? Egal, jemand die mit Ihrem Namen und wohlwollender Energie uns und unsere Arbeit unterst\u00fctzt &#8230; gut, wen sucht sich ein Jugendhaus von einem Benedtiktiner Kloster? Eine Frau, ok eine Frau, aber keine Frau von &#8230; irgendwem also keine Deko-Frau, die Dank des r\u00fcckenfreihaltens Ihres Mannes in die \u00d6ffentlichkeit kommt &#8230; eine politische Frau, ja aber keine parteipolitische Frau, das w\u00e4re was &#8230; wen kennen wir &#8230; wer f\u00e4llt auf, wer gef\u00e4llt uns gut? Da war damals schon die Lizzy Aumeier &#8230; Sie kann Kontrabass &#8230; als Frau &#8230; Joachim Gottschalk erz\u00e4hlt, wie Sie das Instrument im offenen VW-Cabrio rumgefahren hat &#8211; er kennt Sie von seiner Schulorchester-Zeit in Neumarkt. Und dann gibt es erste Auftritte mit dem Salonorchester und auch mit Frau Schapiro &#8230; man findet Sie cool. Sie bl\u00f6delt gern unter der G\u00fcrtellinie (&#8222;Huch!&#8220;), aber Sie hat auch schon eine Predigt in der evangelischen Kirche gehalten, die sehr ber\u00fchrt hat.\u00a0<\/p><p>Also tats\u00e4chlich eine Frau mit so viel leichtigkeit wie echtem Tiefgang &#8230; das passt &#8211; zu uns &#8230; die gro\u00dfe Beratung: Wer hat Kontakt zu Ihr? Wer traut sich? Vera St\u00f6lzel sagt: &#8222;Sie wohnt in der N\u00e4he von meiner Tante (oder war Sie eine Bekannte von der Tante?).&#8220; Egal &#8230; mit einem zus\u00e4tzlichen pers\u00f6nlichen Draht wurde Kontakt hergestellt &#8230; und wir warten auf Antwort &#8230; lange Zeit &#8230; fassen nochmal nach &#8230; \u00fcber Ihr B\u00fcro in N\u00fcrnberg und dann geht alles leicht: Man lud zum Kaffee und zu Klosterkost und fand sich sympathisch. So wurde getrommelt und Sie kam &#8230; mit einem ersten Auftritt &#8211; OpenAir im M\u00fchlengarten, da war noch Gregor Maria Hanke &#8211; Abt im Kloster &#8230; ja ja solange geht das schon &#8230; und wir stellten fest &#8230; wir passen perfekt &#8230; zusammen.\u00a0<\/p><p>Dann kamen Versteigerung von Kickerfiguren und M\u00e4rchentheater am M\u00fchlenfest &#8230; so wuchs zusammen was zusammen geh\u00f6rt &#8230; locker und l\u00e4ssig und mit dem Herz f\u00fcr die richtige Mischung &#8211; ein bunter Haufen lebensfroher Jugendlicher, eine \u00fcbersichtliche Gemeinschaft von M\u00f6nchen und eine K\u00fcnstlerin (mit Mann aus dem Osten &#8211; aber das ist gar nicht so schlimm &#8211; wahrscheinlich hat Sie hier gelernt wie man scheinbar unvereinbares zusammen bringt).<\/p><p>Lizzy, die auch nach Ihrem schweren Unfall bewiesen hat: Das Leben schickt die Aufgaben und wir sind gefordert sie zu meistern &#8230; und: Was hilft sind Menschen und die Energie Gottes, die uns immer wieder aufstehen lassen und weitermachen. Perfekt unperfekt. Lizzy und die M\u00fchlis &#8211; eine besondere Form von Ora et Labora.<\/p><p>Danke Lizzy &#8230; wir brauchen uns! Und tun uns gut!<\/p>\t\t\t\t\t\t\t\t<\/div>\n\t\t\t\t<\/div>\n\t\t\t\t\t<\/div>\n\t\t<\/div>\n\t\t\t\t<div class=\"elementor-column elementor-col-33 elementor-top-column elementor-element elementor-element-361076b\" data-id=\"361076b\" data-element_type=\"column\">\n\t\t\t<div class=\"elementor-widget-wrap elementor-element-populated\">\n\t\t\t\t\t\t<div class=\"elementor-element elementor-element-ae709e8 elementor-widget elementor-widget-image\" data-id=\"ae709e8\" data-element_type=\"widget\" data-widget_type=\"image.default\">\n\t\t\t\t<div class=\"elementor-widget-container\">\n\t\t\t\t\t\t\t\t\t\t\t\t\t\t\t<img fetchpriority=\"high\" decoding=\"async\" width=\"825\" height=\"1024\" src=\"https:\/\/schneemuehle.de\/schneemuehle\/wp-content\/uploads\/Lizzy_Aumeier-1-825x1024.jpg\" class=\"attachment-large size-large wp-image-407\" alt=\"\" srcset=\"https:\/\/schneemuehle.de\/schneemuehle\/wp-content\/uploads\/Lizzy_Aumeier-1-825x1024.jpg 825w, https:\/\/schneemuehle.de\/schneemuehle\/wp-content\/uploads\/Lizzy_Aumeier-1-242x300.jpg 242w, https:\/\/schneemuehle.de\/schneemuehle\/wp-content\/uploads\/Lizzy_Aumeier-1-768x953.jpg 768w, https:\/\/schneemuehle.de\/schneemuehle\/wp-content\/uploads\/Lizzy_Aumeier-1-1237x1536.jpg 1237w, https:\/\/schneemuehle.de\/schneemuehle\/wp-content\/uploads\/Lizzy_Aumeier-1-1650x2048.jpg 1650w\" sizes=\"(max-width: 825px) 100vw, 825px\" \/>\t\t\t\t\t\t\t\t\t\t\t\t\t\t\t<\/div>\n\t\t\t\t<\/div>\n\t\t\t\t\t<\/div>\n\t\t<\/div>\n\t\t\t\t\t<\/div>\n\t\t<\/section>\n\t\t\t\t<section class=\"elementor-section elementor-top-section elementor-element elementor-element-92f217a elementor-section-boxed elementor-section-height-default elementor-section-height-default\" data-id=\"92f217a\" data-element_type=\"section\">\n\t\t\t\t\t\t<div class=\"elementor-container elementor-column-gap-default\">\n\t\t\t\t\t<div class=\"elementor-column elementor-col-100 elementor-top-column elementor-element elementor-element-1b3b817\" data-id=\"1b3b817\" data-element_type=\"column\">\n\t\t\t<div class=\"elementor-widget-wrap\">\n\t\t\t\t\t\t\t<\/div>\n\t\t<\/div>\n\t\t\t\t\t<\/div>\n\t\t<\/section>\n\t\t\t\t<\/div>\n\t\t","protected":false},"excerpt":{"rendered":"<p>Unsere Schirmherrin Lizzy Aumeier Nachruf Wir trauern um Lizzy Aumeier, die am 10.10.2024 im Alter von 60 Jahren verstarb. Mit gro\u00dfem Bedauern haben wir den Tod unserer Schirmherrin vernommen. Mit einem Open-Air-Auftritt im M\u00fchlengarten begann unser gemeinsamer Weg. Damals war Gregor Maria Hanke noch Abt in der Benediktinerabtei Plankstetten. Durch mehrere Benefizauftritte im Jugendhaus und [&hellip;]<\/p>\n","protected":false},"author":1,"featured_media":0,"parent":0,"menu_order":0,"comment_status":"closed","ping_status":"closed","template":"","meta":{"site-sidebar-layout":"no-sidebar","site-content-layout":"page-builder","ast-site-content-layout":"default","site-content-style":"default","site-sidebar-style":"default","ast-global-header-display":"","ast-banner-title-visibility":"","ast-main-header-display":"","ast-hfb-above-header-display":"","ast-hfb-below-header-display":"","ast-hfb-mobile-header-display":"","site-post-title":"disabled","ast-breadcrumbs-content":"","ast-featured-img":"disabled","footer-sml-layout":"","ast-disable-related-posts":"","theme-transparent-header-meta":"default","adv-header-id-meta":"","stick-header-meta":"","header-above-stick-meta":"","header-main-stick-meta":"","header-below-stick-meta":"","astra-migrate-meta-layouts":"default","ast-page-background-enabled":"default","ast-page-background-meta":{"desktop":{"background-color":"","background-image":"","background-repeat":"repeat","background-position":"center center","background-size":"auto","background-attachment":"scroll","background-type":"","background-media":"","overlay-type":"","overlay-color":"","overlay-opacity":"","overlay-gradient":""},"tablet":{"background-color":"","background-image":"","background-repeat":"repeat","background-position":"center center","background-size":"auto","background-attachment":"scroll","background-type":"","background-media":"","overlay-type":"","overlay-color":"","overlay-opacity":"","overlay-gradient":""},"mobile":{"background-color":"","background-image":"","background-repeat":"repeat","background-position":"center center","background-size":"auto","background-attachment":"scroll","background-type":"","background-media":"","overlay-type":"","overlay-color":"","overlay-opacity":"","overlay-gradient":""}},"ast-content-background-meta":{"desktop":{"background-color":"var(--ast-global-color-5)","background-image":"","background-repeat":"repeat","background-position":"center center","background-size":"auto","background-attachment":"scroll","background-type":"","background-media":"","overlay-type":"","overlay-color":"","overlay-opacity":"","overlay-gradient":""},"tablet":{"background-color":"var(--ast-global-color-5)","background-image":"","background-repeat":"repeat","background-position":"center center","background-size":"auto","background-attachment":"scroll","background-type":"","background-media":"","overlay-type":"","overlay-color":"","overlay-opacity":"","overlay-gradient":""},"mobile":{"background-color":"var(--ast-global-color-5)","background-image":"","background-repeat":"repeat","background-position":"center center","background-size":"auto","background-attachment":"scroll","background-type":"","background-media":"","overlay-type":"","overlay-color":"","overlay-opacity":"","overlay-gradient":""}},"footnotes":""},"_links":{"self":[{"href":"https:\/\/schneemuehle.de\/index.php?rest_route=\/wp\/v2\/pages\/390"}],"collection":[{"href":"https:\/\/schneemuehle.de\/index.php?rest_route=\/wp\/v2\/pages"}],"about":[{"href":"https:\/\/schneemuehle.de\/index.php?rest_route=\/wp\/v2\/types\/page"}],"author":[{"embeddable":true,"href":"https:\/\/schneemuehle.de\/index.php?rest_route=\/wp\/v2\/users\/1"}],"replies":[{"embeddable":true,"href":"https:\/\/schneemuehle.de\/index.php?rest_route=%2Fwp%2Fv2%2Fcomments&post=390"}],"version-history":[{"count":35,"href":"https:\/\/schneemuehle.de\/index.php?rest_route=\/wp\/v2\/pages\/390\/revisions"}],"predecessor-version":[{"id":915,"href":"https:\/\/schneemuehle.de\/index.php?rest_route=\/wp\/v2\/pages\/390\/revisions\/915"}],"wp:attachment":[{"href":"https:\/\/schneemuehle.de\/index.php?rest_route=%2Fwp%2Fv2%2Fmedia&parent=390"}],"curies":[{"name":"wp","href":"https:\/\/api.w.org\/{rel}","templated":true}]}}