{"id":27,"date":"2020-02-15T02:15:58","date_gmt":"2020-02-15T01:15:58","guid":{"rendered":"https:\/\/schneemuehle.michael-thumann.de\/schneemuehle\/?page_id=27"},"modified":"2022-03-27T08:44:56","modified_gmt":"2022-03-27T06:44:56","slug":"schneemuehle-e-v","status":"publish","type":"page","link":"https:\/\/schneemuehle.de\/?page_id=27","title":{"rendered":"Schneem\u00fchle e. V."},"content":{"rendered":"\t\t<div data-elementor-type=\"wp-page\" data-elementor-id=\"27\" class=\"elementor elementor-27\">\n\t\t\t\t\t\t<section class=\"elementor-section elementor-top-section elementor-element elementor-element-0f761f0 elementor-section-boxed elementor-section-height-default elementor-section-height-default\" data-id=\"0f761f0\" data-element_type=\"section\">\n\t\t\t\t\t\t<div class=\"elementor-container elementor-column-gap-default\">\n\t\t\t\t\t<div class=\"elementor-column elementor-col-66 elementor-top-column elementor-element elementor-element-30c695c\" data-id=\"30c695c\" data-element_type=\"column\">\n\t\t\t<div class=\"elementor-widget-wrap elementor-element-populated\">\n\t\t\t\t\t\t<div class=\"elementor-element elementor-element-6eb20cd elementor-widget elementor-widget-text-editor\" data-id=\"6eb20cd\" data-element_type=\"widget\" data-widget_type=\"text-editor.default\">\n\t\t\t\t<div class=\"elementor-widget-container\">\n\t\t\t\t\t\t\t\t\t<div id=\"c20\" class=\"csc-frame csc-frame-rulerAfter\"><p class=\"bodytext\">Der Schneem\u00fchle e.V. besteht seit 1997. Der Verein hat sich zum Ziel und Zweck gesetzt, die offene Jugendarbeit am Jugendhaus Schneem\u00fchle zu f\u00f6rdern und zu unterst\u00fctzen.<\/p><p class=\"bodytext\">Diese Unterst\u00fctzung f\u00e4llt ganz unterschiedlich aus. Zum einen besteht der finanzielle Aspekt. Mithilfe der finanziellen Unterst\u00fctzung werden verschiedene Projekte am Jugendhaus umgesetzt, die das Kloster Plankstetten in dieser Form nicht finanziert. Darunter fallen beispielsweise Bastelmaterialien und Spielger\u00e4te (z. B. Kicker oder ein Riesenschach). Im Rahmen eines Selbstverwaltungsbudgets d\u00fcrfen die Ehrenamtlichen hier eigenst\u00e4ndig ihre Priorit\u00e4ten setzen. Dadurch wird zus\u00e4tzlich auch der bewusste Umgang mit finanziellen Mitteln erlernt.\u00a0<\/p><p class=\"bodytext\">Eine weitere Aufgabe des Schneem\u00fchle e.V. ist die Unterst\u00fctzung der Ehrenamtlichen auch in ideeller Weise. Der e.V. tr\u00e4gt die inhaltliche Arbeit und die Lebensweise am und im Haus mit.\u00a0<\/p><p class=\"bodytext\">Deshalb stellt auch der regelm\u00e4\u00dfige Austausch zwischen Ehrenamtlichen und e.V. Mitgliedern ein wichtiges Standbein der Arbeit des Vereins dar. Regelm\u00e4\u00dfig unterst\u00fctzen e.V. Mitglieder bei der Durchf\u00fchrung von beispielsweise Mitarbeitertreffen. Bei geplanten Aktionen sind die Mitglieder immer offen f\u00fcr Anfragen der Ehrenamtlichen und unterst\u00fctzen wo es n\u00f6tig ist.<\/p><p class=\"bodytext\">Die Mitglieder des Vereins sind dem Jugendhaus auf vielf\u00e4ltigste Weise verbunden. Ehemaliger Mitarbeiter, Eltern, Jugendliche, Freunde der Abtei Plankstetten oder F\u00f6rderer der aktiven Jugendarbeit sind im Verein zu finden.\u00a0<\/p><p class=\"bodytext\">Mitglieder zahlen einen geringen Jahresbeitrag im Verein. Dabei gibt es die verschiedenen Modelle:<\/p><\/div><div id=\"c64\" class=\"csc-default\"><ul class=\"csc-bulletlist csc-bulletlist-0\"><li class=\"odd\">Sch\u00fcler &amp; Studenten: 15 \u20ac \/ Jahr<\/li><li class=\"even\">Erwachsene: 25 \u20ac \/ Jahr<\/li><li class=\"odd\">Familien: 40 \u20ac \/ Jahr<\/li><\/ul><\/div><div id=\"c91\" class=\"csc-default\"><div><p class=\"bodytext\">Einmal j\u00e4hrlich findet die Mitgliederversammlung am Jugendhaus Schneem\u00fchle statt. Hier werden aktuelle Themen aus dem Verein und der aktiven Arbeit der Ehrenamtlichen besprochen. Die Versammlung wird meist um eine gemeinschaftliche Aktion erg\u00e4nzt, um den Austausch zwischen Vereinsmitgliedern und Ehrenamtlichen zu f\u00f6rdern und die M\u00f6glichkeit des Netzwerkens zu bieten.<\/p><\/div><\/div>\t\t\t\t\t\t\t\t<\/div>\n\t\t\t\t<\/div>\n\t\t\t\t\t<\/div>\n\t\t<\/div>\n\t\t\t\t<div class=\"elementor-column elementor-col-33 elementor-top-column elementor-element elementor-element-3469821\" data-id=\"3469821\" data-element_type=\"column\">\n\t\t\t<div class=\"elementor-widget-wrap elementor-element-populated\">\n\t\t\t\t\t\t<div class=\"elementor-element elementor-element-d9f4810 elementor-widget elementor-widget-text-editor\" data-id=\"d9f4810\" data-element_type=\"widget\" data-widget_type=\"text-editor.default\">\n\t\t\t\t<div class=\"elementor-widget-container\">\n\t\t\t\t\t\t\t\t\t<h4 style=\"text-align: center;\"><b>Mitglied werden<\/b><\/h4><p class=\"bodytext\">Der Verein besitzt alle Vorteile eines eingetragenen Vereins b\u00fcrgerlichen Rechts (Stimmrecht, Mitgliederversammlung, Gemeinn\u00fctzigkeit, \u2026).<\/p><p class=\"bodytext\">Alle Mitglieder erhalten zwei Mal j\u00e4hrlich per Post mit dem &#8222;M\u00fchlrad&#8220; Informationen \u00fcber das Leben im und am Haus.<\/p>\t\t\t\t\t\t\t\t<\/div>\n\t\t\t\t<\/div>\n\t\t\t\t<div class=\"elementor-element elementor-element-3c0ede2 elementor-widget__width-auto elementor-absolute elementor-widget elementor-widget-eael-creative-button\" data-id=\"3c0ede2\" data-element_type=\"widget\" data-settings=\"{&quot;_animation&quot;:&quot;none&quot;,&quot;_position&quot;:&quot;absolute&quot;}\" data-widget_type=\"eael-creative-button.default\">\n\t\t\t\t<div class=\"elementor-widget-container\">\n\t\t\t\t\t        <div class=\"eael-creative-button-wrapper\">\n\n            <a class=\"eael-creative-button eael-creative-button--ujarak\" href=\"https:\/\/schneemuehle.de\/schneemuehle\/wp-content\/uploads\/BeiEkl_SchneemuehleEV.pdf\" target=\"_blank\" data-text=\"\">\n            \t    \n                <div class=\"creative-button-inner\">\n\n                                            <span class=\"eael-creative-button-icon-left\"><i aria-hidden=\"true\" class=\"fas fa-file-download\"><\/i><\/span>                    \n                    <span class=\"cretive-button-text\">Beitreten<\/span>\n\n                                    <\/div>\n\t                        <\/a>\n        <\/div>\n        \t\t\t\t<\/div>\n\t\t\t\t<\/div>\n\t\t\t\t\t<\/div>\n\t\t<\/div>\n\t\t\t\t\t<\/div>\n\t\t<\/section>\n\t\t\t\t<\/div>\n\t\t","protected":false},"excerpt":{"rendered":"<p>Der Schneem\u00fchle e.V. besteht seit 1997. Der Verein hat sich zum Ziel und Zweck gesetzt, die offene Jugendarbeit am Jugendhaus Schneem\u00fchle zu f\u00f6rdern und zu unterst\u00fctzen. Diese Unterst\u00fctzung f\u00e4llt ganz unterschiedlich aus. Zum einen besteht der finanzielle Aspekt. Mithilfe der finanziellen Unterst\u00fctzung werden verschiedene Projekte am Jugendhaus umgesetzt, die das Kloster Plankstetten in dieser Form [&hellip;]<\/p>\n","protected":false},"author":1,"featured_media":0,"parent":0,"menu_order":0,"comment_status":"closed","ping_status":"closed","template":"","meta":{"site-sidebar-layout":"no-sidebar","site-content-layout":"page-builder","ast-site-content-layout":"default","site-content-style":"default","site-sidebar-style":"default","ast-global-header-display":"","ast-banner-title-visibility":"","ast-main-header-display":"","ast-hfb-above-header-display":"","ast-hfb-below-header-display":"","ast-hfb-mobile-header-display":"","site-post-title":"disabled","ast-breadcrumbs-content":"","ast-featured-img":"disabled","footer-sml-layout":"","ast-disable-related-posts":"","theme-transparent-header-meta":"default","adv-header-id-meta":"","stick-header-meta":"","header-above-stick-meta":"","header-main-stick-meta":"","header-below-stick-meta":"","astra-migrate-meta-layouts":"default","ast-page-background-enabled":"default","ast-page-background-meta":{"desktop":{"background-color":"","background-image":"","background-repeat":"repeat","background-position":"center center","background-size":"auto","background-attachment":"scroll","background-type":"","background-media":"","overlay-type":"","overlay-color":"","overlay-opacity":"","overlay-gradient":""},"tablet":{"background-color":"","background-image":"","background-repeat":"repeat","background-position":"center center","background-size":"auto","background-attachment":"scroll","background-type":"","background-media":"","overlay-type":"","overlay-color":"","overlay-opacity":"","overlay-gradient":""},"mobile":{"background-color":"","background-image":"","background-repeat":"repeat","background-position":"center center","background-size":"auto","background-attachment":"scroll","background-type":"","background-media":"","overlay-type":"","overlay-color":"","overlay-opacity":"","overlay-gradient":""}},"ast-content-background-meta":{"desktop":{"background-color":"var(--ast-global-color-5)","background-image":"","background-repeat":"repeat","background-position":"center center","background-size":"auto","background-attachment":"scroll","background-type":"","background-media":"","overlay-type":"","overlay-color":"","overlay-opacity":"","overlay-gradient":""},"tablet":{"background-color":"var(--ast-global-color-5)","background-image":"","background-repeat":"repeat","background-position":"center center","background-size":"auto","background-attachment":"scroll","background-type":"","background-media":"","overlay-type":"","overlay-color":"","overlay-opacity":"","overlay-gradient":""},"mobile":{"background-color":"var(--ast-global-color-5)","background-image":"","background-repeat":"repeat","background-position":"center center","background-size":"auto","background-attachment":"scroll","background-type":"","background-media":"","overlay-type":"","overlay-color":"","overlay-opacity":"","overlay-gradient":""}},"footnotes":""},"_links":{"self":[{"href":"https:\/\/schneemuehle.de\/index.php?rest_route=\/wp\/v2\/pages\/27"}],"collection":[{"href":"https:\/\/schneemuehle.de\/index.php?rest_route=\/wp\/v2\/pages"}],"about":[{"href":"https:\/\/schneemuehle.de\/index.php?rest_route=\/wp\/v2\/types\/page"}],"author":[{"embeddable":true,"href":"https:\/\/schneemuehle.de\/index.php?rest_route=\/wp\/v2\/users\/1"}],"replies":[{"embeddable":true,"href":"https:\/\/schneemuehle.de\/index.php?rest_route=%2Fwp%2Fv2%2Fcomments&post=27"}],"version-history":[{"count":33,"href":"https:\/\/schneemuehle.de\/index.php?rest_route=\/wp\/v2\/pages\/27\/revisions"}],"predecessor-version":[{"id":498,"href":"https:\/\/schneemuehle.de\/index.php?rest_route=\/wp\/v2\/pages\/27\/revisions\/498"}],"wp:attachment":[{"href":"https:\/\/schneemuehle.de\/index.php?rest_route=%2Fwp%2Fv2%2Fmedia&parent=27"}],"curies":[{"name":"wp","href":"https:\/\/api.w.org\/{rel}","templated":true}]}}